{"id":480,"date":"2014-07-04T15:38:33","date_gmt":"2014-07-04T12:38:33","guid":{"rendered":"http:\/\/www.finnblast.fi\/?page_id=480"},"modified":"2020-04-14T14:11:20","modified_gmt":"2020-04-14T11:11:20","slug":"durchlauf-strahlanlagen","status":"publish","type":"page","link":"https:\/\/www.finnblast.fi\/de\/produkte\/druckluftstrahlanlagen\/durchlauf-strahlanlagen\/","title":{"rendered":"Durchlauf-Strahlanlagen"},"content":{"rendered":"<p>Bei Durchlaufanlagen wird das zu strahlende Werkst\u00fcck durch die Strahlkammer transportiert. Das Sandstrahlen geschieht in einem abgeschlossenen Raum. Die f\u00fcr das Durchfahren notwendigen T\u00fcren sind abgedichtet, damit kein Strahlmittel und kein Staub in die Umgebung gelangen. Bei Bedarf kann das Beladen der Werkst\u00fccke auf die Transportstrecke automatisiert werden.<\/p>\n<h2>FB 350<\/h2>\n<p>Die FB 350 ist f\u00fcr das\u00a0 Sandstrahlen von Tr\u00e4gern und Profilen bestimmt.\u00a0 Die Anlage verf\u00fcgt in der Strahlzelle \u00fcber ziehende Rollen und bl\u00e4st das Profil automatisch rundherum sauber.<\/p>\n<p>Das Modell FB 350 eignet sich auch zum Reinigen runder Rohre. Das Be- und Entladen der runden Rohre kann einfach automatisiert werden.<\/p>\n<p><a href=\"https:\/\/www.finnblast.fi\/wp-content\/uploads\/213_1.jpg\" data-rel=\"lightbox-image-0\" data-rl_title=\"\" data-rl_caption=\"\" title=\"\"><img loading=\"lazy\" decoding=\"async\" class=\"alignleft size-medium wp-image-849\" src=\"https:\/\/www.finnblast.fi\/wp-content\/uploads\/213_1-300x225.jpg\" alt=\"213_1\" width=\"300\" height=\"225\" srcset=\"https:\/\/www.finnblast.fi\/wp-content\/uploads\/213_1-300x225.jpg 300w, https:\/\/www.finnblast.fi\/wp-content\/uploads\/213_1.jpg 498w\" sizes=\"auto, (max-width: 300px) 100vw, 300px\" \/><\/a><\/p>\n<p><a href=\"https:\/\/www.finnblast.fi\/wp-content\/uploads\/213_2.jpg\" data-rel=\"lightbox-image-1\" data-rl_title=\"\" data-rl_caption=\"\" title=\"\"><img loading=\"lazy\" decoding=\"async\" class=\"alignleft size-medium wp-image-850\" src=\"https:\/\/www.finnblast.fi\/wp-content\/uploads\/213_2-300x224.jpg\" alt=\"213_2\" width=\"300\" height=\"224\" srcset=\"https:\/\/www.finnblast.fi\/wp-content\/uploads\/213_2-300x224.jpg 300w, https:\/\/www.finnblast.fi\/wp-content\/uploads\/213_2.jpg 471w\" sizes=\"auto, (max-width: 300px) 100vw, 300px\" \/><\/a><\/p>\n<h2>FBL-1000 zum Sandstrahlen von Blechzuschnitten<\/h2>\n<p>Das Modell FBL 1000 dient dem Sandstrahlen von Blechzuschnitten. Damit k\u00f6nnen auch kleine Zuschnitte auf dem durchfahrenden Tisch gestrahlt werden. Die Anlage ist mit zwei Strahld\u00fcsen ausgestattet, die auch die Stirnseiten der Zuschnitte sauber strahlen.<\/p>\n<p>Siehe Video von Modell FBL: Sandstrahlen von Blechzuschitten.<\/p>\n<p><iframe loading=\"lazy\" src=\"https:\/\/www.youtube.com\/embed\/iew4XreQYpk?rel=0\" width=\"560\" height=\"314\" frameborder=\"0\" allowfullscreen=\"allowfullscreen\"><\/iframe><\/p>\n<p><a href=\"https:\/\/www.finnblast.fi\/wp-content\/uploads\/213_3.jpg\" data-rel=\"lightbox-image-2\" data-rl_title=\"\" data-rl_caption=\"\" title=\"\"><img loading=\"lazy\" decoding=\"async\" class=\"alignleft size-medium wp-image-852\" src=\"https:\/\/www.finnblast.fi\/wp-content\/uploads\/213_3-300x275.jpg\" alt=\"213_3\" width=\"300\" height=\"275\" srcset=\"https:\/\/www.finnblast.fi\/wp-content\/uploads\/213_3-300x275.jpg 300w, https:\/\/www.finnblast.fi\/wp-content\/uploads\/213_3.jpg 373w\" sizes=\"auto, (max-width: 300px) 100vw, 300px\" \/><\/a><\/p>\n<p><a href=\"https:\/\/www.finnblast.fi\/wp-content\/uploads\/213_4.jpg\" data-rel=\"lightbox-image-3\" data-rl_title=\"\" data-rl_caption=\"\" title=\"\"><img loading=\"lazy\" decoding=\"async\" class=\"alignleft size-medium wp-image-853\" src=\"https:\/\/www.finnblast.fi\/wp-content\/uploads\/213_4-225x300.jpg\" alt=\"213_4\" width=\"225\" height=\"300\" srcset=\"https:\/\/www.finnblast.fi\/wp-content\/uploads\/213_4-225x300.jpg 225w, https:\/\/www.finnblast.fi\/wp-content\/uploads\/213_4.jpg 251w\" sizes=\"auto, (max-width: 225px) 100vw, 225px\" \/><\/a><\/p>\n<p><a href=\"https:\/\/www.finnblast.fi\/wp-content\/uploads\/213_5.jpg\" data-rel=\"lightbox-image-4\" data-rl_title=\"\" data-rl_caption=\"\" title=\"\"><img loading=\"lazy\" decoding=\"async\" class=\"alignleft size-medium wp-image-854\" src=\"https:\/\/www.finnblast.fi\/wp-content\/uploads\/213_5.jpg\" alt=\"213_5\" width=\"99\" height=\"127\" \/><\/a><\/p>\n<h2>Spezialdurchlaufanlagen<\/h2>\n<p>Spezialdurchlaufanlagen werden entsprechend den Anforderungen des Kunden konstruiert. Die Zahl und Stellung der D\u00fcsen h\u00e4ngt von den zu strahlenden Werkst\u00fccken ab. Die D\u00fcsen k\u00f6nnen bei Bedarf beweglich ausgelegt werden. Die Anlage verf\u00fcgt \u00fcber einen getrennten Zyklon zum Reinigen des Strahlmittels.<\/p>\n<p>Mit den Spezialanlagen k\u00f6nnen u. a. die R\u00e4nder von Flacheisen oder des Wulstbugs zum Schwei\u00dfen sauber gestrahlt werden.<\/p>\n<p>Solche Eigenschaften werden z. B. in Werften ben\u00f6tigt.<\/p>\n<p>Oft ist die Sandstrahlanlage mit dem Transportsystem f\u00fcr die Werkst\u00fccke verbunden und das Sandstrahlen startet und stoppt automatisch, wenn das Werkst\u00fcck durch die Strahlzelle transportiert wird.<\/p>\n<p><a href=\"https:\/\/www.finnblast.fi\/wp-content\/uploads\/213_6.jpg\" data-rel=\"lightbox-image-5\" data-rl_title=\"\" data-rl_caption=\"\" title=\"\"><img loading=\"lazy\" decoding=\"async\" class=\"alignleft size-medium wp-image-855\" src=\"https:\/\/www.finnblast.fi\/wp-content\/uploads\/213_6-300x226.jpg\" alt=\"213_6\" width=\"300\" height=\"226\" srcset=\"https:\/\/www.finnblast.fi\/wp-content\/uploads\/213_6-300x226.jpg 300w, https:\/\/www.finnblast.fi\/wp-content\/uploads\/213_6.jpg 722w\" sizes=\"auto, (max-width: 300px) 100vw, 300px\" \/><\/a><\/p>\n<p><a href=\"https:\/\/www.finnblast.fi\/wp-content\/uploads\/213_7.jpg\" data-rel=\"lightbox-image-6\" data-rl_title=\"\" data-rl_caption=\"\" title=\"\"><img loading=\"lazy\" decoding=\"async\" class=\"alignleft size-medium wp-image-856\" src=\"https:\/\/www.finnblast.fi\/wp-content\/uploads\/213_7-300x223.jpg\" alt=\"213_7\" width=\"300\" height=\"223\" srcset=\"https:\/\/www.finnblast.fi\/wp-content\/uploads\/213_7-300x223.jpg 300w, https:\/\/www.finnblast.fi\/wp-content\/uploads\/213_7.jpg 678w\" sizes=\"auto, (max-width: 300px) 100vw, 300px\" \/><\/a><\/p>\n","protected":false},"excerpt":{"rendered":"<p>Bei Durchlaufanlagen wird das zu strahlende Werkst\u00fcck durch die Strahlkammer transportiert. Das Sandstrahlen geschieht in einem abgeschlossenen Raum. Die f\u00fcr das Durchfahren notwendigen T\u00fcren sind abgedichtet, damit kein Strahlmittel und kein Staub in die Umgebung gelangen. Bei Bedarf kann das Beladen der Werkst\u00fccke auf die Transportstrecke automatisiert werden. FB 350 Die FB 350 ist f\u00fcr [&hellip;]<\/p>\n","protected":false},"author":2,"featured_media":0,"parent":414,"menu_order":0,"comment_status":"closed","ping_status":"open","template":"","meta":{"content-type":"","footnotes":""},"class_list":["post-480","page","type-page","status-publish","hentry"],"_links":{"self":[{"href":"https:\/\/www.finnblast.fi\/de\/wp-json\/wp\/v2\/pages\/480","targetHints":{"allow":["GET"]}}],"collection":[{"href":"https:\/\/www.finnblast.fi\/de\/wp-json\/wp\/v2\/pages"}],"about":[{"href":"https:\/\/www.finnblast.fi\/de\/wp-json\/wp\/v2\/types\/page"}],"author":[{"embeddable":true,"href":"https:\/\/www.finnblast.fi\/de\/wp-json\/wp\/v2\/users\/2"}],"replies":[{"embeddable":true,"href":"https:\/\/www.finnblast.fi\/de\/wp-json\/wp\/v2\/comments?post=480"}],"version-history":[{"count":4,"href":"https:\/\/www.finnblast.fi\/de\/wp-json\/wp\/v2\/pages\/480\/revisions"}],"predecessor-version":[{"id":2914,"href":"https:\/\/www.finnblast.fi\/de\/wp-json\/wp\/v2\/pages\/480\/revisions\/2914"}],"up":[{"embeddable":true,"href":"https:\/\/www.finnblast.fi\/de\/wp-json\/wp\/v2\/pages\/414"}],"wp:attachment":[{"href":"https:\/\/www.finnblast.fi\/de\/wp-json\/wp\/v2\/media?parent=480"}],"curies":[{"name":"wp","href":"https:\/\/api.w.org\/{rel}","templated":true}]}}