{"id":419,"date":"2014-07-04T15:32:37","date_gmt":"2014-07-04T12:32:37","guid":{"rendered":"http:\/\/www.finnblast.fi\/?page_id=419"},"modified":"2014-07-09T16:58:07","modified_gmt":"2014-07-09T13:58:07","slug":"strahlmittelsauger-fbi-55","status":"publish","type":"page","link":"https:\/\/www.finnblast.fi\/de\/produkte\/strahlmittelsauger-fbi-55\/","title":{"rendered":"Strahlmittelsauger FBI-55"},"content":{"rendered":"<h2>Strahlmittel und Staub in der Umgebung der Strahlanlage<\/h2>\n<p>Bei Sandstrahl- und Schleuderradanlagen breitet sich das Strahlmittel oft in der Umgebung aus. Das Strahlmittel gelangt entweder durch die Zufuhr\u00f6ffnung oder mit den sandgestrahlten Werkst\u00fccken aus der Anlage. Oft gelangt das Strahlmittel auch in die Umgebung, wenn es nachgef\u00fcllt wird. Wenn sich rundes Strahlmittel auf dem Boden befindet, besteht die Gefahr des Ausrutschens. Deshalb muss das Strahlmittel auf dem Boden umgehend entfernt werden.<\/p>\n<h2>Aufsaugen des Strahlmittels und R\u00fcckf\u00fchrung in die Strahlzelle<\/h2>\n<p>Finnblast Oy hat f\u00fcr das Absaugen von Strahlmittel einen neuen, wirksamen Sauger entwickelt. Dieser Sauger zeichnet sich neben einer gro\u00dfen Saugleistung dadurch aus, dass das gesaugte Strahlmittel direkt in die Strahlanlage zur\u00fcckgef\u00fchrt werden kann. Das Strahlmittel wird im kontinuierlichen Betrieb zur\u00fcckgeblasen, ein manuelles Handhaben von getrennten Staubbeh\u00e4ltern zum Entleeren ist nicht notwendig.<\/p>\n<h2>Strahlmittel und Staub auf den gestrahlten Werkst\u00fccken <\/h2>\n<p>Oft bleiben nach dem Sand- und Schleuderradstrahlen in den L\u00f6chern und Ecken des Werkst\u00fccks \u00fcberst\u00e4ndiges Strahlmittel und unerw\u00fcnschter Staub zur\u00fcck. Durch das Saugen kann das Strahlmittel staubfrei vom Werkst\u00fcck entfernt werden. Wenn das Strahlmittel abgesaugt wird, ger\u00e4t es nicht in die Umgebung.  Beim Absaugen des Strahlmittels gelangt es wieder zur\u00fcck in die Strahlanlage. <\/p>\n<h2>Gro\u00dfe Saugleistung und effizientes Filter<\/h2>\n<p>Die Saugleistung der FBI-55 ist gro\u00df (ca. 10 kg\/min), wenn runde Stahlkugeln \u2013 S230 \u2013 mit einem Durchmesser von 0,6\u20130,85 mm gesaugt werden. Das Saugen geht also schnell. Der Saugschlauch kann bis zu 16 m lang sein, sodass die Anlage beim Saugen nicht bewegt werden muss.<\/p>\n<p><a href=\"https:\/\/www.finnblast.fi\/wp-content\/uploads\/FBI-55_A.jpg\" data-rel=\"lightbox-image-0\" data-rl_title=\"\" data-rl_caption=\"\" title=\"\"><img loading=\"lazy\" decoding=\"async\" src=\"https:\/\/www.finnblast.fi\/wp-content\/uploads\/FBI-55_A-146x300.jpg\" alt=\"FBI-55_A\" width=\"146\" height=\"300\" class=\"alignleft size-medium wp-image-948\" srcset=\"https:\/\/www.finnblast.fi\/wp-content\/uploads\/FBI-55_A-146x300.jpg 146w, https:\/\/www.finnblast.fi\/wp-content\/uploads\/FBI-55_A-500x1024.jpg 500w, https:\/\/www.finnblast.fi\/wp-content\/uploads\/FBI-55_A.jpg 662w\" sizes=\"auto, (max-width: 146px) 100vw, 146px\" \/><\/a><\/p>\n<p><a href=\"https:\/\/www.finnblast.fi\/wp-content\/uploads\/243_2.jpg\" data-rel=\"lightbox-image-1\" data-rl_title=\"\" data-rl_caption=\"\" title=\"\"><img loading=\"lazy\" decoding=\"async\" src=\"https:\/\/www.finnblast.fi\/wp-content\/uploads\/243_2.jpg\" alt=\"243_2\" width=\"103\" height=\"85\" class=\"alignleft size-full wp-image-947\" \/><\/a><\/p>\n","protected":false},"excerpt":{"rendered":"<p>Strahlmittel und Staub in der Umgebung der Strahlanlage Bei Sandstrahl- und Schleuderradanlagen breitet sich das Strahlmittel oft in der Umgebung aus. Das Strahlmittel gelangt entweder durch die Zufuhr\u00f6ffnung oder mit den sandgestrahlten Werkst\u00fccken aus der Anlage. Oft gelangt das Strahlmittel auch in die Umgebung, wenn es nachgef\u00fcllt wird. Wenn sich rundes Strahlmittel auf dem Boden [&hellip;]<\/p>\n","protected":false},"author":2,"featured_media":0,"parent":151,"menu_order":0,"comment_status":"closed","ping_status":"open","template":"","meta":{"content-type":"","footnotes":""},"class_list":["post-419","page","type-page","status-publish","hentry"],"_links":{"self":[{"href":"https:\/\/www.finnblast.fi\/de\/wp-json\/wp\/v2\/pages\/419","targetHints":{"allow":["GET"]}}],"collection":[{"href":"https:\/\/www.finnblast.fi\/de\/wp-json\/wp\/v2\/pages"}],"about":[{"href":"https:\/\/www.finnblast.fi\/de\/wp-json\/wp\/v2\/types\/page"}],"author":[{"embeddable":true,"href":"https:\/\/www.finnblast.fi\/de\/wp-json\/wp\/v2\/users\/2"}],"replies":[{"embeddable":true,"href":"https:\/\/www.finnblast.fi\/de\/wp-json\/wp\/v2\/comments?post=419"}],"version-history":[{"count":0,"href":"https:\/\/www.finnblast.fi\/de\/wp-json\/wp\/v2\/pages\/419\/revisions"}],"up":[{"embeddable":true,"href":"https:\/\/www.finnblast.fi\/de\/wp-json\/wp\/v2\/pages\/151"}],"wp:attachment":[{"href":"https:\/\/www.finnblast.fi\/de\/wp-json\/wp\/v2\/media?parent=419"}],"curies":[{"name":"wp","href":"https:\/\/api.w.org\/{rel}","templated":true}]}}