{"id":416,"date":"2014-07-04T15:32:23","date_gmt":"2014-07-04T12:32:23","guid":{"rendered":"http:\/\/www.finnblast.fi\/?page_id=416"},"modified":"2014-07-09T15:50:48","modified_gmt":"2014-07-09T12:50:48","slug":"schleuderradanlagen","status":"publish","type":"page","link":"https:\/\/www.finnblast.fi\/de\/produkte\/schleuderradanlagen\/","title":{"rendered":"Schleuderradanlagen"},"content":{"rendered":"<p>Schleuderradanlagen eignen sich ausgezeichnet zum Sandstrahlen verschiedenster Werkst\u00fccke.   <\/p>\n<p>Beim Schleuderradreinigen wird die Geschwindigkeit des Strahlmittels mechanisch mithilfe eines Schleuderrads erzeugt. Das Strahlmittel wird in die Nabe des Schleuderrads eingef\u00fcllt und die Fl\u00fcgel des Schleuderrads schie\u00dfen das Strahlmittel mit gro\u00dfer Geschwindigkeit auf das zu strahlende Werkst\u00fcck. <\/p>\n<p>Die Anzahl der Schleuderr\u00e4der und die Leistung werden nach der n\u00f6tigen Kapazit\u00e4t bemessen.<\/p>\n<p>Die Geometrie, Gr\u00f6\u00dfe, Zahl usw. des Werkst\u00fccks legt fest, welcher Schleuderradtyp f\u00fcr den jeweiligen Einsatz am besten geeignet ist.<\/p>\n<p>Zu den Eigenschaften der Schleuderradanlagen geh\u00f6ren, dass damit bei Bedarf gro\u00dfe Fl\u00e4chen in kurzer Zeit gereinigt werden k\u00f6nnen.<br \/>\n<strong>\u00dcber die folgenden Links gelangen Sie auf die Seiten verschiedener Schleuderradtypen:<\/strong><\/p>\n<ul>\n<li><a href=\"https:\/\/www.finnblast.fi\/de\/produkte\/schleuderradanlagen\/rollenbahnanlage-fbrr\/\">Rollenbahnanlagen<\/a><\/li>\n<li><a href=\"https:\/\/www.finnblast.fi\/de\/produkte\/schleuderradanlagen\/hangebahnanlagen-schleuderrad\/\">H\u00e4ngebahnanlagen<\/a><\/li>\n<li><a href=\"https:\/\/www.finnblast.fi\/de\/produkte\/schleuderradanlagen\/drahtgurtanlagen-fbvr\/\">Drahtgurtanlagen<\/a><\/li>\n<li><a href=\"https:\/\/www.finnblast.fi\/de\/produkte\/schleuderradanlagen\/drehtischanlageanlage-fbts\/\">Drehtischanlagen<\/a><\/li>\n<li><a href=\"https:\/\/www.finnblast.fi\/de\/produkte\/schleuderradanlagen\/muldenbandanlage-fbrk-und-fbrt\/\">Muldenbandanlagen<\/a><\/li>\n<li><a href=\"https:\/\/www.finnblast.fi\/de\/produkte\/schleuderradanlagen\/rohrstrahlanlage-fbps\/\">Rohrstrahlanlagen<\/a><\/li>\n<\/ul>\n<div id=\"attachment_903\" style=\"width: 210px\" class=\"wp-caption alignleft\"><a href=\"https:\/\/www.finnblast.fi\/wp-content\/uploads\/DSC03458_A.jpg\" data-rel=\"lightbox-image-0\" data-rl_title=\"\" data-rl_caption=\"\" title=\"\"><img loading=\"lazy\" decoding=\"async\" aria-describedby=\"caption-attachment-903\" src=\"https:\/\/www.finnblast.fi\/wp-content\/uploads\/DSC03458_A.jpg\" alt=\"Rullaratasinko FBRR  Rullaratasinko 2,5 m\" width=\"200\" height=\"209\" class=\"size-full wp-image-903\" \/><\/a><p id=\"caption-attachment-903\" class=\"wp-caption-text\">Rullaratasinko FBRR<br \/>Rollenbahnanlage 2,5 m<\/p><\/div>\n<div id=\"attachment_904\" style=\"width: 235px\" class=\"wp-caption alignleft\"><a href=\"https:\/\/www.finnblast.fi\/wp-content\/uploads\/PG10x15-c3051-031.jpg\" data-rel=\"lightbox-image-1\" data-rl_title=\"\" data-rl_caption=\"\" title=\"\"><img loading=\"lazy\" decoding=\"async\" aria-describedby=\"caption-attachment-904\" src=\"https:\/\/www.finnblast.fi\/wp-content\/uploads\/PG10x15-c3051-031-225x300.jpg\" alt=\"Riippuratasinko (kaappisinko)\" width=\"225\" height=\"300\" class=\"size-medium wp-image-904\" srcset=\"https:\/\/www.finnblast.fi\/wp-content\/uploads\/PG10x15-c3051-031-225x300.jpg 225w, https:\/\/www.finnblast.fi\/wp-content\/uploads\/PG10x15-c3051-031.jpg 768w\" sizes=\"auto, (max-width: 225px) 100vw, 225px\" \/><\/a><p id=\"caption-attachment-904\" class=\"wp-caption-text\">H\u00e4ngebahnanlage<\/p><\/div>\n","protected":false},"excerpt":{"rendered":"<p>Schleuderradanlagen eignen sich ausgezeichnet zum Sandstrahlen verschiedenster Werkst\u00fccke. Beim Schleuderradreinigen wird die Geschwindigkeit des Strahlmittels mechanisch mithilfe eines Schleuderrads erzeugt. Das Strahlmittel wird in die Nabe des Schleuderrads eingef\u00fcllt und die Fl\u00fcgel des Schleuderrads schie\u00dfen das Strahlmittel mit gro\u00dfer Geschwindigkeit auf das zu strahlende Werkst\u00fcck. Die Anzahl der Schleuderr\u00e4der und die Leistung werden nach der [&hellip;]<\/p>\n","protected":false},"author":2,"featured_media":0,"parent":151,"menu_order":0,"comment_status":"closed","ping_status":"open","template":"","meta":{"content-type":"","footnotes":""},"class_list":["post-416","page","type-page","status-publish","hentry"],"_links":{"self":[{"href":"https:\/\/www.finnblast.fi\/de\/wp-json\/wp\/v2\/pages\/416","targetHints":{"allow":["GET"]}}],"collection":[{"href":"https:\/\/www.finnblast.fi\/de\/wp-json\/wp\/v2\/pages"}],"about":[{"href":"https:\/\/www.finnblast.fi\/de\/wp-json\/wp\/v2\/types\/page"}],"author":[{"embeddable":true,"href":"https:\/\/www.finnblast.fi\/de\/wp-json\/wp\/v2\/users\/2"}],"replies":[{"embeddable":true,"href":"https:\/\/www.finnblast.fi\/de\/wp-json\/wp\/v2\/comments?post=416"}],"version-history":[{"count":0,"href":"https:\/\/www.finnblast.fi\/de\/wp-json\/wp\/v2\/pages\/416\/revisions"}],"up":[{"embeddable":true,"href":"https:\/\/www.finnblast.fi\/de\/wp-json\/wp\/v2\/pages\/151"}],"wp:attachment":[{"href":"https:\/\/www.finnblast.fi\/de\/wp-json\/wp\/v2\/media?parent=416"}],"curies":[{"name":"wp","href":"https:\/\/api.w.org\/{rel}","templated":true}]}}