{"id":414,"date":"2014-07-04T15:32:12","date_gmt":"2014-07-04T12:32:12","guid":{"rendered":"http:\/\/www.finnblast.fi\/?page_id=414"},"modified":"2014-07-09T13:39:09","modified_gmt":"2014-07-09T10:39:09","slug":"druckluftstrahlanlagen","status":"publish","type":"page","link":"https:\/\/www.finnblast.fi\/de\/produkte\/druckluftstrahlanlagen\/","title":{"rendered":"Druckluftstrahlanlagen"},"content":{"rendered":"<p>Sandstrahlanlagen werden nach zwei Funktionsprinzipien unterschieden:<\/p>\n<p>&#8211; Druckluftstrahlanlagen, bei denen die Geschwindigkeit des Strahlmittels mit Druckluft erzeugt wird<br \/>\n&#8211; Schleuderradanlagen, bei denen das Strahlmittel mithilfe eines Schleuderrades mechanisch auf sehr gro\u00dfer Geschwindigkeit beschleunigt wird<\/p>\n<p>Druckluftstrahlanlagen und Schleuderradanlagen eignen sich nicht immer f\u00fcr den gleichen Einsatzzweck.   Druckluftstrahlanlagen verf\u00fcgen \u00fcber Eigenschaften, die die Schleuderradanlagen nicht haben.  Bei Druckluftstrahlanlagen k\u00f6nnen als Strahlmittel grobe K\u00f6rner, Glask\u00fcgelchen, Aluminiumoxid oder andere keramische K\u00f6rner sowie Kunststoffk\u00f6rner und Nussschale eingesetzt werden.   Bei Druckluftanlagen kann der Strahlbereich genau eingegrenzt werden. Wenn die zu strahlenden Werkst\u00fccke kompliziert geformt sind \u2013 zum Beispiel die Innenfl\u00e4chen von L\u00f6chern \u2013, lassen sie sich mit einer Druckluftanlage bearbeiten.  Oft sind Druckluftstrahlanlagen kleiner als Schleuderradanlagen und ihre Anschaffungskosten belaufen sich nur auf einen Bruchteil.  Das Produktprogramm von Finnblast Oy umfasst sowohl Druckluft- als auch Schleuderradanlagen, sodass wir dem Kunden die optimale L\u00f6sung bieten k\u00f6nnen.<\/p>\n<div id=\"attachment_828\" style=\"width: 310px\" class=\"wp-caption alignright\"><a href=\"https:\/\/www.finnblast.fi\/wp-content\/uploads\/2_1.jpg\" data-rel=\"lightbox-image-0\" data-rl_title=\"\" data-rl_caption=\"\" title=\"\"><img loading=\"lazy\" decoding=\"async\" aria-describedby=\"caption-attachment-828\" src=\"https:\/\/www.finnblast.fi\/wp-content\/uploads\/2_1-300x169.jpg\" alt=\"Puhallussuutin 4,8 mm ja 12,5 mm\" width=\"300\" height=\"169\" class=\"size-medium wp-image-828\" srcset=\"https:\/\/www.finnblast.fi\/wp-content\/uploads\/2_1-300x169.jpg 300w, https:\/\/www.finnblast.fi\/wp-content\/uploads\/2_1.jpg 638w\" sizes=\"auto, (max-width: 300px) 100vw, 300px\" \/><\/a><p id=\"caption-attachment-828\" class=\"wp-caption-text\">Strahld\u00fcse 4,8 mm ja 12,5 mm<\/p><\/div>\n<p><strong>Im Folgenden Links zu Druckluftanlagen<\/strong><\/p>\n<ul>\n<li><a href=\"https:\/\/www.finnblast.fi\/de\/produkte\/druckluftstrahlanlagen\/handstrahlkabinen\/\">Handstrahlkabinen<\/a><\/li>\n<li><a href=\"https:\/\/www.finnblast.fi\/de\/produkte\/druckluftstrahlanlagen\/automatische-sandstrahlkabinen\/\">Automatische Strahlkabinen<\/a><\/li>\n<li><a href=\"https:\/\/www.finnblast.fi\/de\/produkte\/druckluftstrahlanlagen\/durchlauf-strahlanlagen\/\">Durchlaufanlagen<\/a><\/li>\n<li><a href=\"https:\/\/www.finnblast.fi\/de\/produkte\/druckluftstrahlanlagen\/hangebahnanlagen-druckluft\/\">H\u00e4ngebahnanlagen<\/a><\/li>\n<li><a href=\"https:\/\/www.finnblast.fi\/de\/produkte\/druckluftstrahlanlagen\/sandstrahlroboter-und-manipulator\/\">Sandstrahlroboter<\/a><\/li>\n<li><a href=\"https:\/\/www.finnblast.fi\/de\/produkte\/druckluftstrahlanlagen\/strahlanlagen-fur-walzen-und-zylinder\/\">Staubfreie Strahlanlagen<\/a><\/li>\n<li><a href=\"https:\/\/www.finnblast.fi\/de\/produkte\/druckluftstrahlanlagen\/innenstrahlen\/\">Innenstrahlanlagen f\u00fcr Rohre und Bohrungen<\/a><\/li>\n<\/ul>\n","protected":false},"excerpt":{"rendered":"<p>Sandstrahlanlagen werden nach zwei Funktionsprinzipien unterschieden: &#8211; Druckluftstrahlanlagen, bei denen die Geschwindigkeit des Strahlmittels mit Druckluft erzeugt wird &#8211; Schleuderradanlagen, bei denen das Strahlmittel mithilfe eines Schleuderrades mechanisch auf sehr gro\u00dfer Geschwindigkeit beschleunigt wird Druckluftstrahlanlagen und Schleuderradanlagen eignen sich nicht immer f\u00fcr den gleichen Einsatzzweck. Druckluftstrahlanlagen verf\u00fcgen \u00fcber Eigenschaften, die die Schleuderradanlagen nicht haben. Bei [&hellip;]<\/p>\n","protected":false},"author":2,"featured_media":0,"parent":151,"menu_order":0,"comment_status":"closed","ping_status":"open","template":"","meta":{"content-type":"","footnotes":""},"class_list":["post-414","page","type-page","status-publish","hentry"],"_links":{"self":[{"href":"https:\/\/www.finnblast.fi\/de\/wp-json\/wp\/v2\/pages\/414","targetHints":{"allow":["GET"]}}],"collection":[{"href":"https:\/\/www.finnblast.fi\/de\/wp-json\/wp\/v2\/pages"}],"about":[{"href":"https:\/\/www.finnblast.fi\/de\/wp-json\/wp\/v2\/types\/page"}],"author":[{"embeddable":true,"href":"https:\/\/www.finnblast.fi\/de\/wp-json\/wp\/v2\/users\/2"}],"replies":[{"embeddable":true,"href":"https:\/\/www.finnblast.fi\/de\/wp-json\/wp\/v2\/comments?post=414"}],"version-history":[{"count":0,"href":"https:\/\/www.finnblast.fi\/de\/wp-json\/wp\/v2\/pages\/414\/revisions"}],"up":[{"embeddable":true,"href":"https:\/\/www.finnblast.fi\/de\/wp-json\/wp\/v2\/pages\/151"}],"wp:attachment":[{"href":"https:\/\/www.finnblast.fi\/de\/wp-json\/wp\/v2\/media?parent=414"}],"curies":[{"name":"wp","href":"https:\/\/api.w.org\/{rel}","templated":true}]}}