{"id":1986,"date":"2019-10-30T15:53:57","date_gmt":"2019-10-30T13:53:57","guid":{"rendered":"https:\/\/www.finnblast.fi\/?page_id=1986"},"modified":"2019-11-01T12:03:22","modified_gmt":"2019-11-01T10:03:22","slug":"schleifen-von-radsatzachsen","status":"publish","type":"page","link":"https:\/\/www.finnblast.fi\/de\/schleifen-von-radsatzachsen\/","title":{"rendered":"Schleifen von Radsatzachsen"},"content":{"rendered":"<h2>Neue Bandschleifmaschine f\u00fcr Radsatzachsen<\/h2>\n<p>Manuelles Schleifen von Radsatzachsen ist eine harte Arbeit.\u00a0 \u00a0Finnblast Oy hat eine neue, vollautomatische\u00a0 Bandschleifanlage f\u00fcr diese Arbeit entwickelt.\u00a0 Die vollautomatische Anlage ersetzt den manuellen Schleifarbeit. Die Bandschleifmaschine ist ein Durchlaufanlage.\u00a0 Die Rads\u00e4tze werden auf Gleis in die Anlagenkabine gef\u00f6rdert.\u00a0 Die Hubt\u00fcre werden zu gemacht und das Schleifen ist in einer geschlossener Kabine durchgef\u00fchrt. Der Radsatz rotiert w\u00e4hrend des Schleifens.\u00a0 Das Schleifverfahren kann nach der Radsatzgeometrie programmiert werden. Nach dem Schleifen eine hydraulische Mechanismus schiebt den Radsatz aus von der Kabine.\u00a0\u00a0<\/p>\n<div class=\"mceTemp\">\u00a0<\/div>\n<div id=\"attachment_1911\" style=\"width: 310px\" class=\"wp-caption alignnone\"><a href=\"https:\/\/www.finnblast.fi\/industries\/railways\/grinding-machine_pic_1\/\" rel=\"attachment wp-att-1911\"><img loading=\"lazy\" decoding=\"async\" aria-describedby=\"caption-attachment-1911\" class=\"wp-image-1911 size-medium\" src=\"https:\/\/www.finnblast.fi\/wp-content\/uploads\/Grinding-machine_pic_1-300x120.jpg\" alt=\"\" width=\"300\" height=\"120\" srcset=\"https:\/\/www.finnblast.fi\/wp-content\/uploads\/Grinding-machine_pic_1-300x120.jpg 300w, https:\/\/www.finnblast.fi\/wp-content\/uploads\/Grinding-machine_pic_1-768x307.jpg 768w, https:\/\/www.finnblast.fi\/wp-content\/uploads\/Grinding-machine_pic_1.jpg 787w\" sizes=\"auto, (max-width: 300px) 100vw, 300px\" \/><\/a><p id=\"caption-attachment-1911\" class=\"wp-caption-text\">Arbeitsprinzip der Achsenschleifmaschine<\/p><\/div>\n<p>Ein Datenblatt der Anlage ist hier zu laden: <a href=\"https:\/\/www.finnblast.fi\/wp-content\/uploads\/Radsatzschleifanlage_DE.pdf\">Radsatzschleifanlage_DE<\/a><\/p>\n<p>F\u00fcr weiteren Infomartionen bitte auf unseren Verkauf Kontakt nehmen oder eine email an finnblast@finnblast.fi schicken.<\/p>\n","protected":false},"excerpt":{"rendered":"<p>Neue Bandschleifmaschine f\u00fcr Radsatzachsen Manuelles Schleifen von Radsatzachsen ist eine harte Arbeit.\u00a0 \u00a0Finnblast Oy hat eine neue, vollautomatische\u00a0 Bandschleifanlage f\u00fcr diese Arbeit entwickelt.\u00a0 Die vollautomatische Anlage ersetzt den manuellen Schleifarbeit. Die Bandschleifmaschine ist ein Durchlaufanlage.\u00a0 Die Rads\u00e4tze werden auf Gleis in die Anlagenkabine gef\u00f6rdert.\u00a0 Die Hubt\u00fcre werden zu gemacht und das Schleifen ist in einer [&hellip;]<\/p>\n","protected":false},"author":3,"featured_media":0,"parent":0,"menu_order":0,"comment_status":"closed","ping_status":"closed","template":"","meta":{"content-type":"","footnotes":""},"class_list":["post-1986","page","type-page","status-publish","hentry"],"_links":{"self":[{"href":"https:\/\/www.finnblast.fi\/de\/wp-json\/wp\/v2\/pages\/1986","targetHints":{"allow":["GET"]}}],"collection":[{"href":"https:\/\/www.finnblast.fi\/de\/wp-json\/wp\/v2\/pages"}],"about":[{"href":"https:\/\/www.finnblast.fi\/de\/wp-json\/wp\/v2\/types\/page"}],"author":[{"embeddable":true,"href":"https:\/\/www.finnblast.fi\/de\/wp-json\/wp\/v2\/users\/3"}],"replies":[{"embeddable":true,"href":"https:\/\/www.finnblast.fi\/de\/wp-json\/wp\/v2\/comments?post=1986"}],"version-history":[{"count":11,"href":"https:\/\/www.finnblast.fi\/de\/wp-json\/wp\/v2\/pages\/1986\/revisions"}],"predecessor-version":[{"id":2788,"href":"https:\/\/www.finnblast.fi\/de\/wp-json\/wp\/v2\/pages\/1986\/revisions\/2788"}],"wp:attachment":[{"href":"https:\/\/www.finnblast.fi\/de\/wp-json\/wp\/v2\/media?parent=1986"}],"curies":[{"name":"wp","href":"https:\/\/api.w.org\/{rel}","templated":true}]}}