{"id":152,"date":"2014-07-02T18:56:40","date_gmt":"2014-07-02T15:56:40","guid":{"rendered":"http:\/\/www.finnblast.fi\/?page_id=152"},"modified":"2014-07-09T17:06:47","modified_gmt":"2014-07-09T14:06:47","slug":"branchenlosungen","status":"publish","type":"page","link":"https:\/\/www.finnblast.fi\/de\/branchenlosungen\/","title":{"rendered":"Branchenl\u00f6sungen"},"content":{"rendered":"<p>Das Sand- und Schleuderradstrahlen kommt in vielen verschiedenen Industriezweigen zum Einsatz, wenn die Oberfl\u00e4che des Produkts gereinigt oder das Erscheinungsbild verbessert werden soll.<\/p>\n<p>Die zu entfernenden Unreinheiten k\u00f6nnen Rost, Walzzunder, Oxide oder eine alte Beschichtung usw. sein.<\/p>\n<p>Das Sandstrahlen verleiht der Oberfl\u00e4che ein gleichm\u00e4\u00dfiges Erscheinungsbild. Zum Beispiel werden die Spuren der mechanischen Bearbeitung von der Oberfl\u00e4che entfernt. <\/p>\n<p>Auf den folgenden Seiten sind Beispiele f\u00fcr den Einsatz des Sandstrahlens aufgelistet:<\/p>\n<ul>\n<li><a href=\"https:\/\/www.finnblast.fi\/de\/branchenlosungen\/wartung-und-instandhaltung\/\">Wartung und Instandhaltung<\/a><\/li>\n<li><a href=\"https:\/\/www.finnblast.fi\/de\/branchenlosungen\/produktion-von-maschinen\/\">Produktion von Maschinen und Maschinenteilen<\/a><\/li>\n<li><a href=\"https:\/\/www.finnblast.fi\/de\/branchenlosungen\/stahlbau\/\">Stahlbau<\/a><\/li>\n<li><a href=\"https:\/\/www.finnblast.fi\/de\/branchenlosungen\/energiewirtschaft\/\">Energiewirtschaft<\/a><\/li>\n<li><a href=\"https:\/\/www.finnblast.fi\/de\/branchenlosungen\/kunststoff-und-gummiindustrie\/\">Gummiindustrie<\/a><\/li>\n<li><a href=\"https:\/\/www.finnblast.fi\/de\/branchenlosungen\/stahl-und-vorgefertigte-stahlteile\/\">Stahl und vorgefertigte Stahlteile<\/a><\/li>\n<li><a href=\"https:\/\/www.finnblast.fi\/de\/branchenlosungen\/giesereien\/\">Gie\u00dfereien<\/a><\/li>\n<li><a href=\"https:\/\/www.finnblast.fi\/de\/branchenlosungen\/eisenbahn\/\">Eisenbahnen<\/a><\/li>\n<li><a href=\"https:\/\/www.finnblast.fi\/de\/branchenlosungen\/werften\/\">Werften<\/a><\/li>\n<li><a href=\"https:\/\/www.finnblast.fi\/de\/branchenlosungen\/herstellung-von-verbraucherprodukten\/\">Verbraucherprodukte<\/a><\/li>\n<\/ul>\n<p>Weitere Anwendungen auf Anfrage.<\/p>\n","protected":false},"excerpt":{"rendered":"<p>Das Sand- und Schleuderradstrahlen kommt in vielen verschiedenen Industriezweigen zum Einsatz, wenn die Oberfl\u00e4che des Produkts gereinigt oder das Erscheinungsbild verbessert werden soll. Die zu entfernenden Unreinheiten k\u00f6nnen Rost, Walzzunder, Oxide oder eine alte Beschichtung usw. sein. Das Sandstrahlen verleiht der Oberfl\u00e4che ein gleichm\u00e4\u00dfiges Erscheinungsbild. Zum Beispiel werden die Spuren der mechanischen Bearbeitung von der [&hellip;]<\/p>\n","protected":false},"author":2,"featured_media":0,"parent":0,"menu_order":3,"comment_status":"closed","ping_status":"open","template":"","meta":{"content-type":"","footnotes":""},"class_list":["post-152","page","type-page","status-publish","hentry"],"_links":{"self":[{"href":"https:\/\/www.finnblast.fi\/de\/wp-json\/wp\/v2\/pages\/152","targetHints":{"allow":["GET"]}}],"collection":[{"href":"https:\/\/www.finnblast.fi\/de\/wp-json\/wp\/v2\/pages"}],"about":[{"href":"https:\/\/www.finnblast.fi\/de\/wp-json\/wp\/v2\/types\/page"}],"author":[{"embeddable":true,"href":"https:\/\/www.finnblast.fi\/de\/wp-json\/wp\/v2\/users\/2"}],"replies":[{"embeddable":true,"href":"https:\/\/www.finnblast.fi\/de\/wp-json\/wp\/v2\/comments?post=152"}],"version-history":[{"count":0,"href":"https:\/\/www.finnblast.fi\/de\/wp-json\/wp\/v2\/pages\/152\/revisions"}],"wp:attachment":[{"href":"https:\/\/www.finnblast.fi\/de\/wp-json\/wp\/v2\/media?parent=152"}],"curies":[{"name":"wp","href":"https:\/\/api.w.org\/{rel}","templated":true}]}}